{"id":320,"date":"2014-09-13T13:19:51","date_gmt":"2014-09-13T13:19:51","guid":{"rendered":"http:\/\/www.pizzeria-cielo.at\/?page_id=320"},"modified":"2026-04-26T18:29:49","modified_gmt":"2026-04-26T18:29:49","slug":"mittagsmenue-3","status":"publish","type":"page","link":"https:\/\/www.pizzeria-cielo.at\/?page_id=320","title":{"rendered":"Mittagsmen\u00fc"},"content":{"rendered":"\n<p><\/p>\n\n\n<h4>\u00a0<\/h4>\n<h4><a href=\"http:\/\/www.pizzeria-cielo.at\/wp-content\/uploads\/2019\/04\/Supreme_pizza-270x250.jpg\"><img loading=\"lazy\" decoding=\"async\" class=\"size-full wp-image-811 aligncenter\" src=\"http:\/\/www.pizzeria-cielo.at\/wp-content\/uploads\/2019\/04\/Supreme_pizza-270x250.jpg\" alt=\"\" width=\"270\" height=\"250\" \/><\/a><\/h4>\n<h4 style=\"text-align: center;\"><span style=\"color: #0000ff;\">Mittagsbuffet vom 27.04 \u201301.05.2026\u00a0\u00a0<\/span><\/h4>\n<p style=\"text-align: center;\"><strong>von 12.00 bis 13.30 Uhr<\/strong><\/p>\n<p style=\"text-align: center;\"><strong>mit Tagessuppe und Salat \u00a0\u00a0\u00a0\u00a0\u00a0\u20ac 14,90<\/strong><\/p>\n<p style=\"text-align: center;\"><strong><u>\u00a0<\/u><\/strong><\/p>\n<p style=\"text-align: center;\"><strong><u>Montag, 27.04.2026<\/u><\/strong><\/p>\n<pre style=\"text-align: center;\">Lauchschnitzel \u00dcberbacken mit Mozzarella und Kartoffeln  A B <\/pre>\n<p style=\"text-align: center;\"><strong><u>Dienstag, 28.04<\/u><\/strong><strong><u>.2026<\/u><\/strong><\/p>\n<pre style=\"text-align: center;\">   Zwiebelrostbraten mit Spiralnudel   A B D<\/pre>\n<p style=\"text-align: center;\"><strong><u>Mittwoch, 29.04.2026<\/u><\/strong><\/p>\n<pre style=\"text-align: center;\"> Selchschopf mit Sauerkraut und Semmelkn\u00f6del  A B D<\/pre>\n<p style=\"text-align: center;\"><strong><u>Donnerstag, 30.04.2026\u00a0<\/u><\/strong><\/p>\n<pre style=\"text-align: center;\">Knusprige Ente mit Kartoffelkn\u00f6del und Rotkraut  A L C<\/pre>\n<p style=\"text-align: center;\"><strong><u>Freitag, 01.05.2026<\/u><\/strong><\/p>\n<pre style=\"text-align: center;\">Penne in Gorgonzolarahmsauce  A C G<\/pre>\n<p style=\"text-align: center;\">\u00a0Pizza klein mit Suppe oder Salat:\u00a0\u00a0\u00a0\u00a0\u00a0\u00a0 \u20ac 14,90<\/p>\n<p style=\"text-align: center;\"><strong>Bitte um Verst\u00e4ndnis, dass der Men\u00fcpreis nur f\u00fcr 1 Person gilt!<\/strong><\/p>\n<h6 style=\"text-align: center;\">\u00a0<\/h6>\n<h6><em>Allergeninformation:<\/em><\/h6>\n<p style=\"text-align: center;\"><em>A)glutenhaltiges Getreide,B)Krebstiere,C)Ei,D)Fisch,E)Erdnuss,F)Soja,G)Milch oder Laktose,H)Schalenfr\u00fcchte,L))Senf,O)Sulfite,P)Lupinen,R)Weichtiere<\/em><\/p>\n<p><em>Die Allergene wurden ausgelobt, jedoch ist es nicht ausgeschlossen, dass noch Spuren enthalten sind.<\/em><\/p>","protected":false},"excerpt":{"rendered":"<p>\u00a0 Mittagsbuffet vom 27.04 \u201301.05.2026\u00a0\u00a0 von 12.00 bis 13.30 Uhr mit Tagessuppe und Salat \u00a0\u00a0\u00a0\u00a0\u00a0\u20ac 14,90 \u00a0 Montag, 27.04.2026 Lauchschnitzel \u00dcberbacken mit Mozzarella und Kartoffeln A B Dienstag, 28.04.2026 Zwiebelrostbraten mit Spiralnudel A B D Mittwoch, 29.04.2026 Selchschopf mit Sauerkraut und Semmelkn\u00f6del A B D Donnerstag, 30.04.2026\u00a0 Knusprige Ente mit Kartoffelkn\u00f6del und Rotkraut A L [&hellip;]<\/p>\n","protected":false},"author":2,"featured_media":811,"parent":0,"menu_order":0,"comment_status":"open","ping_status":"open","template":"","meta":{"footnotes":""},"class_list":["post-320","page","type-page","status-publish","has-post-thumbnail","czr-hentry"],"_links":{"self":[{"href":"https:\/\/www.pizzeria-cielo.at\/index.php?rest_route=\/wp\/v2\/pages\/320","targetHints":{"allow":["GET"]}}],"collection":[{"href":"https:\/\/www.pizzeria-cielo.at\/index.php?rest_route=\/wp\/v2\/pages"}],"about":[{"href":"https:\/\/www.pizzeria-cielo.at\/index.php?rest_route=\/wp\/v2\/types\/page"}],"author":[{"embeddable":true,"href":"https:\/\/www.pizzeria-cielo.at\/index.php?rest_route=\/wp\/v2\/users\/2"}],"replies":[{"embeddable":true,"href":"https:\/\/www.pizzeria-cielo.at\/index.php?rest_route=%2Fwp%2Fv2%2Fcomments&post=320"}],"version-history":[{"count":560,"href":"https:\/\/www.pizzeria-cielo.at\/index.php?rest_route=\/wp\/v2\/pages\/320\/revisions"}],"predecessor-version":[{"id":1562,"href":"https:\/\/www.pizzeria-cielo.at\/index.php?rest_route=\/wp\/v2\/pages\/320\/revisions\/1562"}],"wp:featuredmedia":[{"embeddable":true,"href":"https:\/\/www.pizzeria-cielo.at\/index.php?rest_route=\/wp\/v2\/media\/811"}],"wp:attachment":[{"href":"https:\/\/www.pizzeria-cielo.at\/index.php?rest_route=%2Fwp%2Fv2%2Fmedia&parent=320"}],"curies":[{"name":"wp","href":"https:\/\/api.w.org\/{rel}","templated":true}]}}