{"id":115,"date":"2014-02-27T19:35:05","date_gmt":"2014-02-27T19:35:05","guid":{"rendered":"http:\/\/www.pizzeria-cielo.at\/?page_id=115"},"modified":"2025-04-08T11:11:14","modified_gmt":"2025-04-08T11:11:14","slug":"news","status":"publish","type":"page","link":"https:\/\/www.pizzeria-cielo.at\/?page_id=115","title":{"rendered":"News"},"content":{"rendered":"<p>Wir organisieren gerne Ihre Firmenveranstaltung, Geburtstags- oder Weihnachtsfeier und verw\u00f6hnen Sie mit den K\u00f6stlichkeiten unseres Hauses. Lassen Sie sich \u00fcberraschen!<\/p>\n<p>Rufen Sie uns an unter <span style=\"color: #0000ff;\"><strong>0662\/82 78 83<\/strong><\/span>. Das Team der Pizzeria Cielo freut sich auf Ihren Besuch!<\/p>\n","protected":false},"excerpt":{"rendered":"<p>Wir organisieren gerne Ihre Firmenveranstaltung, Geburtstags- oder Weihnachtsfeier und verw\u00f6hnen Sie mit den K\u00f6stlichkeiten unseres Hauses. Lassen Sie sich \u00fcberraschen! Rufen Sie uns an unter 0662\/82 78 83. Das Team der Pizzeria Cielo freut sich auf Ihren Besuch!<\/p>\n","protected":false},"author":1,"featured_media":199,"parent":0,"menu_order":0,"comment_status":"open","ping_status":"closed","template":"","meta":{"footnotes":""},"class_list":["post-115","page","type-page","status-publish","has-post-thumbnail","czr-hentry"],"_links":{"self":[{"href":"https:\/\/www.pizzeria-cielo.at\/index.php?rest_route=\/wp\/v2\/pages\/115","targetHints":{"allow":["GET"]}}],"collection":[{"href":"https:\/\/www.pizzeria-cielo.at\/index.php?rest_route=\/wp\/v2\/pages"}],"about":[{"href":"https:\/\/www.pizzeria-cielo.at\/index.php?rest_route=\/wp\/v2\/types\/page"}],"author":[{"embeddable":true,"href":"https:\/\/www.pizzeria-cielo.at\/index.php?rest_route=\/wp\/v2\/users\/1"}],"replies":[{"embeddable":true,"href":"https:\/\/www.pizzeria-cielo.at\/index.php?rest_route=%2Fwp%2Fv2%2Fcomments&post=115"}],"version-history":[{"count":13,"href":"https:\/\/www.pizzeria-cielo.at\/index.php?rest_route=\/wp\/v2\/pages\/115\/revisions"}],"predecessor-version":[{"id":1455,"href":"https:\/\/www.pizzeria-cielo.at\/index.php?rest_route=\/wp\/v2\/pages\/115\/revisions\/1455"}],"wp:featuredmedia":[{"embeddable":true,"href":"https:\/\/www.pizzeria-cielo.at\/index.php?rest_route=\/wp\/v2\/media\/199"}],"wp:attachment":[{"href":"https:\/\/www.pizzeria-cielo.at\/index.php?rest_route=%2Fwp%2Fv2%2Fmedia&parent=115"}],"curies":[{"name":"wp","href":"https:\/\/api.w.org\/{rel}","templated":true}]}}